{"id":3673,"date":"2023-01-09T10:49:18","date_gmt":"2023-01-09T08:49:18","guid":{"rendered":"https:\/\/crazy-faraday.212-227-232-225.plesk.page\/contracts-and-negotiation\/"},"modified":"2023-11-28T12:40:43","modified_gmt":"2023-11-28T10:40:43","slug":"contracts-and-negotiation","status":"publish","type":"page","link":"https:\/\/wp.lexdoka.com\/en\/contracts-and-negotiation\/","title":{"rendered":"Contracts and negotiation"},"content":{"rendered":"<section class=\"l-section wpb_row us_custom_31b9ec70 height_medium\"><div class=\"l-section-h i-cf\"><div class=\"g-cols vc_row via_grid cols_1 laptops-cols_inherit tablets-cols_inherit mobiles-cols_1 valign_top type_default stacking_default\"><div class=\"wpb_column vc_column_container us_custom_945e9cee\"><div class=\"vc_column-inner\"><h1 class=\"w-text us_custom_120bf40f\"><span class=\"w-text-h\"><span class=\"w-text-value\">Automated contracts<\/span><\/span><\/h1><h1 class=\"w-text us_custom_8ac662a2 has_text_color\"><span class=\"w-text-h\"><span class=\"w-text-value\">collaborate and negotiate<\/span><\/span><\/h1><div class=\"wpb_text_column us_custom_ac10f059\"><div class=\"wpb_wrapper\"><p style=\"text-align: center;\">Colabora con m\u00faltiples partes y negocia contratos mientras mantienes el control, reduces los riesgos y aumentas la eficiencia de tu equipo.<\/p>\n<\/div><\/div><div class=\"w-separator size_small\"><\/div><div class=\"g-cols wpb_row via_grid cols_6 laptops-cols_inherit tablets-cols_inherit mobiles-cols_2 valign_top type_default stacking_default\" style=\"--columns-gap:3rem;\"><div class=\"wpb_column vc_column_container\"><div class=\"vc_column-inner\"><\/div><\/div><div class=\"wpb_column vc_column_container\"><div class=\"vc_column-inner\"><\/div><\/div><div class=\"wpb_column vc_column_container\"><div class=\"vc_column-inner\"><div class=\"w-btn-wrapper align_center\"><a class=\"w-btn us-btn-style_9 us_custom_a518f36e us_animate_this\" href=\"https:\/\/app.lexdoka.com\/accounts\/signup\/\"><span class=\"w-btn-label\">Sign up<\/span><\/a><\/div><\/div><\/div><div class=\"wpb_column vc_column_container\"><div class=\"vc_column-inner\"><div class=\"w-btn-wrapper align_center\"><a class=\"w-btn us-btn-style_12 us_custom_a518f36e us_animate_this\" href=\"https:\/\/app.lexdoka.com\/accounts\/login\/\"><span class=\"w-btn-label\">Log in<\/span><\/a><\/div><\/div><\/div><div class=\"wpb_column vc_column_container\"><div class=\"vc_column-inner\"><\/div><\/div><div class=\"wpb_column vc_column_container\"><div class=\"vc_column-inner\"><\/div><\/div><\/div><\/div><\/div><\/div><\/div><\/section><section class=\"l-section wpb_row us_custom_c3021c1e height_medium\"><div class=\"l-section-h i-cf\"><div class=\"g-cols vc_row via_grid cols_1 laptops-cols_inherit tablets-cols_inherit mobiles-cols_1 valign_top type_default stacking_default\"><div class=\"wpb_column vc_column_container\"><div class=\"vc_column-inner\"><div class=\"g-cols wpb_row us_custom_d1f3ee0f via_grid cols_2 laptops-cols_inherit tablets-cols_inherit mobiles-cols_1 valign_top type_default stacking_default\" style=\"--columns-gap:0rem;\"><div class=\"wpb_column vc_column_container us_custom_f955b392 has_bg_color\"><div class=\"vc_column-inner\"><div class=\"w-separator size_medium\"><\/div><\/div><\/div><div class=\"wpb_column vc_column_container us_custom_c1403660\"><div class=\"vc_column-inner\"><span class=\"w-text\"><span class=\"w-text-h\"><span class=\"w-text-value\">optimized flows<\/span><\/span><\/span><h3 class=\"w-text us_custom_a574d586 has_text_color\"><span class=\"w-text-h\"><span class=\"w-text-value\">From draft to revision in minutes<\/span><\/span><\/h3><div class=\"wpb_text_column\"><div class=\"wpb_wrapper\"><p>Para llegar a un acuerdo general, a menudo necesitas la contribuci\u00f3n de tanto tus compa\u00f1eros de trabajo como tus contrapartes externas. Esto puede convertirse r\u00e1pidamente en un proceso largo, especialmente cuando se considera todo el ciclo de vida del contrato, como la creaci\u00f3n del contrato, su aprobaci\u00f3n, firma, negociaci\u00f3n y colaboraci\u00f3n.<\/p>\n<p>Sin embargo, LexDoka automatiza este proceso mientras te ofrece acceso a plantillas entendibles y listas para usar. As\u00ed, puedes crear, revisar, negociar y firmar contratos f\u00e1cilmente.<\/p>\n<\/div><\/div><\/div><\/div><\/div><\/div><\/div><\/div><\/div><\/section><section class=\"l-section wpb_row us_custom_2b3a9bbb height_auto\"><div class=\"l-section-h i-cf\"><div class=\"g-cols vc_row via_grid cols_1 laptops-cols_inherit tablets-cols_inherit mobiles-cols_1 valign_top type_default stacking_default\"><div class=\"wpb_column vc_column_container\"><div class=\"vc_column-inner\"><div class=\"g-cols wpb_row via_grid cols_2 laptops-cols_inherit tablets-cols_inherit mobiles-cols_1 valign_middle type_default stacking_default\" style=\"--columns-gap:3rem;\"><div class=\"wpb_column vc_column_container\"><div class=\"vc_column-inner\"><div class=\"w-image align_none\"><div class=\"w-image-h\"><img decoding=\"async\" width=\"1024\" height=\"838\" src=\"https:\/\/wp.lexdoka.com\/wp-content\/uploads\/2023\/02\/banner.1-1024x838.png\" class=\"attachment-large size-large\" alt=\"startups empresas lexdoka\" loading=\"lazy\" srcset=\"https:\/\/wp.lexdoka.com\/wp-content\/uploads\/2023\/02\/banner.1-1024x838.png 1024w, https:\/\/wp.lexdoka.com\/wp-content\/uploads\/2023\/02\/banner.1-300x245.png 300w, https:\/\/wp.lexdoka.com\/wp-content\/uploads\/2023\/02\/banner.1.png 1599w\" sizes=\"auto, (max-width: 1024px) 100vw, 1024px\" \/><\/div><\/div><\/div><\/div><div class=\"wpb_column vc_column_container\"><div class=\"vc_column-inner\"><h4 class=\"w-text\"><span class=\"w-text-h\"><span class=\"w-text-value\">Negocia con todas las partes y deja que LexDoka confeccione el contrato legal.<\/span><\/span><\/h4><div class=\"w-btn-wrapper align_none\"><a class=\"w-btn us-btn-style_9\" href=\"#\"><span class=\"w-btn-label\">Sign up<\/span><\/a><\/div><\/div><\/div><\/div><\/div><\/div><\/div><\/div><\/section><section class=\"l-section wpb_row height_medium\"><div class=\"l-section-h i-cf\"><div class=\"g-cols vc_row via_grid cols_2 laptops-cols_inherit tablets-cols_inherit mobiles-cols_1 valign_middle type_default stacking_default\"><div class=\"wpb_column vc_column_container us_custom_8665cf32\"><div class=\"vc_column-inner\"><span class=\"w-text\"><span class=\"w-text-h\"><span class=\"w-text-value\">Collaborate<\/span><\/span><\/span><h3 class=\"w-text\"><span class=\"w-text-h\"><span class=\"w-text-value\">Negotiate and collaborate effortlessly<\/span><\/span><\/h3><div class=\"wpb_text_column\"><div class=\"wpb_wrapper\"><p>LexDoka te permite colaborar con todas las partes de un contrato de una forma sencilla y eficaz manteniendo un hist\u00f3rico y minimizando las tensiones.<\/p>\n<ul>\n<li>Accede, revisa, comenta y prop\u00f3n cambios para tus contratos, todo en una sola plataforma.<\/li>\n<li>Obt\u00e9n feedback invitando a usuarios externos a la negociaci\u00f3n de los contratos.<\/li>\n<\/ul>\n<\/div><\/div><\/div><\/div><div class=\"wpb_column vc_column_container us_custom_8665cf32\"><div class=\"vc_column-inner\"><div class=\"w-image us_custom_47474b22 us_animate_this align_none\"><div class=\"w-image-h\"><img decoding=\"async\" width=\"1024\" height=\"793\" src=\"https:\/\/wp.lexdoka.com\/wp-content\/uploads\/2023\/07\/Recursos.02-5-1-1024x793.webp\" class=\"attachment-large size-large\" alt=\"Plataforma colaborativa\" loading=\"lazy\" srcset=\"https:\/\/wp.lexdoka.com\/wp-content\/uploads\/2023\/07\/Recursos.02-5-1-1024x793.webp 1024w, https:\/\/wp.lexdoka.com\/wp-content\/uploads\/2023\/07\/Recursos.02-5-1-300x232.webp 300w, https:\/\/wp.lexdoka.com\/wp-content\/uploads\/2023\/07\/Recursos.02-5-1-450x349.webp 450w, https:\/\/wp.lexdoka.com\/wp-content\/uploads\/2023\/07\/Recursos.02-5-1-516x400.webp 516w, https:\/\/wp.lexdoka.com\/wp-content\/uploads\/2023\/07\/Recursos.02-5-1.webp 1999w\" sizes=\"auto, (max-width: 1024px) 100vw, 1024px\" \/><\/div><\/div><\/div><\/div><\/div><\/div><\/section><section class=\"l-section wpb_row height_medium\"><div class=\"l-section-h i-cf\"><div class=\"g-cols vc_row via_grid cols_2 laptops-cols_inherit tablets-cols_inherit mobiles-cols_1 valign_middle type_default reversed stacking_default\"><div class=\"wpb_column vc_column_container us_custom_8665cf32\"><div class=\"vc_column-inner\"><div class=\"w-image us_custom_7e20fa79 us_animate_this align_none\"><div class=\"w-image-h\"><img decoding=\"async\" width=\"1024\" height=\"810\" src=\"https:\/\/wp.lexdoka.com\/wp-content\/uploads\/2023\/07\/Recursos.02-3-1024x810.png\" class=\"attachment-large size-large\" alt=\"negociaci\u00f3n\" loading=\"lazy\" srcset=\"https:\/\/wp.lexdoka.com\/wp-content\/uploads\/2023\/07\/Recursos.02-3-1024x810.png 1024w, https:\/\/wp.lexdoka.com\/wp-content\/uploads\/2023\/07\/Recursos.02-3-300x237.png 300w, https:\/\/wp.lexdoka.com\/wp-content\/uploads\/2023\/07\/Recursos.02-3-450x356.png 450w, https:\/\/wp.lexdoka.com\/wp-content\/uploads\/2023\/07\/Recursos.02-3-506x400.png 506w\" sizes=\"auto, (max-width: 1024px) 100vw, 1024px\" \/><\/div><\/div><\/div><\/div><div class=\"wpb_column vc_column_container us_custom_8665cf32\"><div class=\"vc_column-inner\"><span class=\"w-text\"><span class=\"w-text-h\"><span class=\"w-text-value\">Negotiate<\/span><\/span><\/span><h3 class=\"w-text\"><span class=\"w-text-h\"><span class=\"w-text-value\">Collaboration lets you close deals more effectively<\/span><\/span><\/h3><div class=\"wpb_text_column\"><div class=\"wpb_wrapper\"><p>Negocia y colabora sin complicaciones, y deja que LexDoka se encargue de todo el apartado legal.<\/p>\n<p>A trav\u00e9s de comentarios, sugerencias y propuestas para cada cl\u00e1usula negociable dentro del contrato, lo \u00fanico de lo que tienen que preocuparse las partes, es de cerrar el acuerdo. De la redacci\u00f3n se encarga LexDoka.<\/p>\n<\/div><\/div><\/div><\/div><\/div><\/div><\/section><section class=\"l-section wpb_row us_custom_bd89f96f height_medium\"><div class=\"l-section-h i-cf\"><div class=\"g-cols vc_row via_grid cols_2 laptops-cols_inherit tablets-cols_inherit mobiles-cols_1 valign_middle type_default stacking_default\"><div class=\"wpb_column vc_column_container us_custom_8665cf32\"><div class=\"vc_column-inner\"><span class=\"w-text\"><span class=\"w-text-h\"><span class=\"w-text-value\">Review<\/span><\/span><\/span><h3 class=\"w-text\"><span class=\"w-text-h\"><span class=\"w-text-value\">Maintain control and compliance<\/span><\/span><\/h3><div class=\"wpb_text_column\"><div class=\"wpb_wrapper\"><p>Los cambios no autorizados pueden salir muy caros. Automatizar este proceso con un flujo contractual predefinido os permitir\u00e1 a ti y a todo tu equipo generar contratos en cuesti\u00f3n de minutos. Todo resultado de la confecci\u00f3n de nuestras plantillas contractuales mantendr\u00e1 su veracidad legal.<\/p>\n<p>Cuando una empresa decide negociar un contrato a trav\u00e9s de LexDoka, se est\u00e1 asegurando que sea cual sea el resultado de la negociaci\u00f3n, el documento quedar\u00e1 legalmente redactado en base a lo acordado sin la necesidad de la intervenci\u00f3n de ning\u00fan tercero.<\/p>\n<\/div><\/div><\/div><\/div><div class=\"wpb_column vc_column_container us_custom_8665cf32\"><div class=\"vc_column-inner\"><div class=\"w-image us_custom_47474b22 us_animate_this align_none\"><div class=\"w-image-h\"><img decoding=\"async\" width=\"1024\" height=\"790\" src=\"https:\/\/wp.lexdoka.com\/wp-content\/uploads\/2023\/02\/Creativitat-03-1024x790.png\" class=\"attachment-large size-large\" alt=\"\" loading=\"lazy\" srcset=\"https:\/\/wp.lexdoka.com\/wp-content\/uploads\/2023\/02\/Creativitat-03-1024x790.png 1024w, https:\/\/wp.lexdoka.com\/wp-content\/uploads\/2023\/02\/Creativitat-03-300x231.png 300w, https:\/\/wp.lexdoka.com\/wp-content\/uploads\/2023\/02\/Creativitat-03.png 1400w\" sizes=\"auto, (max-width: 1024px) 100vw, 1024px\" \/><\/div><\/div><\/div><\/div><\/div><\/div><\/section>\n","protected":false},"excerpt":{"rendered":"Automated contractscollaborate and negotiateColabora con m\u00faltiples partes y negocia contratos mientras mantienes el control, reduces los riesgos y aumentas la eficiencia de tu equipo. Sign upLog inoptimized flowsFrom draft to revision in minutesPara llegar a un acuerdo general, a menudo necesitas la contribuci\u00f3n de tanto tus compa\u00f1eros de trabajo como tus contrapartes externas. Esto puede...","protected":false},"author":1,"featured_media":0,"parent":0,"menu_order":0,"comment_status":"closed","ping_status":"closed","template":"","meta":{"_acf_changed":false,"content-type":"","footnotes":""},"class_list":["post-3673","page","type-page","status-publish","hentry"],"acf":[],"_links":{"self":[{"href":"https:\/\/wp.lexdoka.com\/en\/wp-json\/wp\/v2\/pages\/3673","targetHints":{"allow":["GET"]}}],"collection":[{"href":"https:\/\/wp.lexdoka.com\/en\/wp-json\/wp\/v2\/pages"}],"about":[{"href":"https:\/\/wp.lexdoka.com\/en\/wp-json\/wp\/v2\/types\/page"}],"author":[{"embeddable":true,"href":"https:\/\/wp.lexdoka.com\/en\/wp-json\/wp\/v2\/users\/1"}],"replies":[{"embeddable":true,"href":"https:\/\/wp.lexdoka.com\/en\/wp-json\/wp\/v2\/comments?post=3673"}],"version-history":[{"count":7,"href":"https:\/\/wp.lexdoka.com\/en\/wp-json\/wp\/v2\/pages\/3673\/revisions"}],"predecessor-version":[{"id":6593,"href":"https:\/\/wp.lexdoka.com\/en\/wp-json\/wp\/v2\/pages\/3673\/revisions\/6593"}],"wp:attachment":[{"href":"https:\/\/wp.lexdoka.com\/en\/wp-json\/wp\/v2\/media?parent=3673"}],"curies":[{"name":"wp","href":"https:\/\/api.w.org\/{rel}","templated":true}]}}