{"id":8201,"date":"2024-06-19T11:55:07","date_gmt":"2024-06-19T09:55:07","guid":{"rendered":"https:\/\/crazy-faraday.212-227-232-225.plesk.page\/?page_id=8201"},"modified":"2024-07-24T10:16:32","modified_gmt":"2024-07-24T08:16:32","slug":"feature-analysis-and-reporting","status":"publish","type":"page","link":"https:\/\/wp.lexdoka.com\/en\/feature-analysis-and-reporting\/","title":{"rendered":"Feature &#8211; Analysis and Reporting"},"content":{"rendered":"<section class=\"l-section wpb_row us_custom_699f981f height_auto\"><div class=\"l-section-h i-cf\"><div class=\"g-cols vc_row via_grid cols_2 laptops-cols_inherit tablets-cols_inherit mobiles-cols_1 valign_middle type_default stacking_default\" style=\"--columns-gap:0rem;\"><div class=\"wpb_column vc_column_container us_custom_a9be633b has_bg_color\"><div class=\"vc_column-overlay\" style=\"background:var(--color-alt-content-bg)\"><\/div><div class=\"vc_column-inner\"><div class=\"wpb_text_column\"><div class=\"wpb_wrapper\"><h1><strong><span style=\"color: #2529d8;\">Reports and metrics <\/span><\/strong><strong>in real time business<\/strong> <\/h1>\n<\/div><\/div><h2 class=\"w-text us_custom_a6f888ca has_text_color\"><span class=\"w-text-h\"><span class=\"w-text-value\">With LexDoka&#039;s Reporting, you will gain a comprehensive view of contract operation performance, team performance, and process efficiency visualization, crucial for informed decision-making.<\/span><\/span><\/h2><div class=\"w-btn-wrapper default_align_left laptops_align_none tablets_align_none mobiles_align_center\"><a class=\"w-btn us-btn-style_16 us_custom_eb849559\" href=\"https:\/\/lexdoka.com\/en\/schedule-a-demo\/\"><span class=\"w-btn-label\">Book a demo<\/span><\/a><\/div><\/div><\/div><div class=\"wpb_column vc_column_container\"><div class=\"vc_column-inner\"><div class=\"w-image us_custom_b9cd68be us_animate_this has_height align_center has_bg_color\"><div class=\"w-image-h\"><img fetchpriority=\"high\" decoding=\"async\" width=\"1024\" height=\"683\" src=\"https:\/\/wp.lexdoka.com\/wp-content\/uploads\/2024\/06\/people-smiling-while-conference-room-1024x683.jpg\" class=\"attachment-large size-large\" alt=\"\" loading=\"eager\" srcset=\"https:\/\/wp.lexdoka.com\/wp-content\/uploads\/2024\/06\/people-smiling-while-conference-room-1024x683.jpg 1024w, https:\/\/wp.lexdoka.com\/wp-content\/uploads\/2024\/06\/people-smiling-while-conference-room-300x200.jpg 300w, https:\/\/wp.lexdoka.com\/wp-content\/uploads\/2024\/06\/people-smiling-while-conference-room-450x300.jpg 450w, https:\/\/wp.lexdoka.com\/wp-content\/uploads\/2024\/06\/people-smiling-while-conference-room-600x400.jpg 600w, https:\/\/wp.lexdoka.com\/wp-content\/uploads\/2024\/06\/people-smiling-while-conference-room-113x75.jpg 113w, https:\/\/wp.lexdoka.com\/wp-content\/uploads\/2024\/06\/people-smiling-while-conference-room-270x180.jpg 270w\" sizes=\"(max-width: 1024px) 100vw, 1024px\" \/><\/div><\/div><\/div><\/div><\/div><\/div><\/section><section class=\"l-section wpb_row height_small\"><div class=\"l-section-h i-cf\"><div class=\"g-cols vc_row via_grid cols_1 laptops-cols_inherit tablets-cols_inherit mobiles-cols_1 valign_top type_default stacking_default\"><div class=\"wpb_column vc_column_container\"><div class=\"vc_column-inner\"><div class=\"w-separator size_medium\"><\/div><h2 class=\"w-text us_custom_a09d698e hide_on_mobiles\"><span class=\"w-text-h\"><span class=\"w-text-value\">Optimize and streamline your<\/span><\/span><\/h2><h2 class=\"w-text us_custom_f0e28412 hide_on_mobiles\"><span class=\"w-text-h\"><span class=\"w-text-value\">contractual management<\/span><\/span><\/h2><h2 class=\"w-text us_custom_f0e28412 hide_on_default hide_on_laptops hide_on_tablets\"><span class=\"w-text-h\"><span class=\"w-text-value\">Optimize and speed up your contract management.<\/span><\/span><\/h2><div class=\"w-separator size_small\"><\/div><div class=\"w-image align_center\"><div class=\"w-image-h\"><img decoding=\"async\" width=\"600\" height=\"25\" src=\"https:\/\/wp.lexdoka.com\/wp-content\/uploads\/2024\/07\/analyze-600x25.png\" class=\"attachment-us_600_400 size-us_600_400\" alt=\"\" loading=\"lazy\" srcset=\"https:\/\/wp.lexdoka.com\/wp-content\/uploads\/2024\/07\/analyze-600x25.png 600w, https:\/\/wp.lexdoka.com\/wp-content\/uploads\/2024\/07\/analyze-300x12.png 300w, https:\/\/wp.lexdoka.com\/wp-content\/uploads\/2024\/07\/analyze-1024x42.png 1024w, https:\/\/wp.lexdoka.com\/wp-content\/uploads\/2024\/07\/analyze-450x18.png 450w, https:\/\/wp.lexdoka.com\/wp-content\/uploads\/2024\/07\/analyze-366x15.png 366w\" sizes=\"auto, (max-width: 600px) 100vw, 600px\" \/><\/div><\/div><\/div><\/div><\/div><\/div><\/section><section class=\"l-section wpb_row us_custom_68844635 height_large\"><div class=\"l-section-overlay\" style=\"background:var(--color-alt-content-primary)\"><\/div><div class=\"l-section-h i-cf\"><div class=\"g-cols vc_row via_grid cols_2 laptops-cols_inherit tablets-cols_inherit mobiles-cols_1 valign_middle type_default stacking_default\" style=\"--columns-gap:2.9rem;\"><div class=\"wpb_column vc_column_container us_custom_1b84a947 has_text_color\"><div class=\"vc_column-inner\"><h2 class=\"w-text us_custom_e02b4e6f has_text_color\"><span class=\"w-text-h\"><span class=\"w-text-value\">Gain complete visibility and control of your contracts<\/span><\/span><\/h2><h4 class=\"w-text us_custom_b55ff94f has_text_color\"><span class=\"w-text-h\"><span class=\"w-text-value\">Optimize the analysis of your legal documents efficiently. Get advanced tools to extract valuable insights from your legal knowledge base.<\/span><\/span><\/h4><\/div><\/div><div class=\"wpb_column vc_column_container us_custom_71e8d970\"><div class=\"vc_column-inner\"><div class=\"w-image align_none\"><div class=\"w-image-h\"><img decoding=\"async\" width=\"600\" height=\"400\" src=\"https:\/\/wp.lexdoka.com\/wp-content\/uploads\/2024\/05\/2149206515-600x400.jpg\" class=\"attachment-us_600_400 size-us_600_400\" alt=\"\" loading=\"lazy\" srcset=\"https:\/\/wp.lexdoka.com\/wp-content\/uploads\/2024\/05\/2149206515-600x400.jpg 600w, https:\/\/wp.lexdoka.com\/wp-content\/uploads\/2024\/05\/2149206515-300x200.jpg 300w, https:\/\/wp.lexdoka.com\/wp-content\/uploads\/2024\/05\/2149206515-450x300.jpg 450w, https:\/\/wp.lexdoka.com\/wp-content\/uploads\/2024\/05\/2149206515-112x75.jpg 112w, https:\/\/wp.lexdoka.com\/wp-content\/uploads\/2024\/05\/2149206515.jpg 1000w\" sizes=\"auto, (max-width: 600px) 100vw, 600px\" \/><\/div><\/div><\/div><\/div><\/div><\/div><\/section><section class=\"l-section wpb_row us_custom_7478fd64 height_small\" id=\"Feature - Negotiation\"><div class=\"l-section-h i-cf\"><div class=\"g-cols vc_row via_grid cols_2 laptops-cols_inherit tablets-cols_inherit mobiles-cols_1 valign_top type_default reversed stacking_default\"><div class=\"wpb_column vc_column_container\"><div class=\"vc_column-inner\"><div class=\"w-image align_none\"><div class=\"w-image-h\"><img decoding=\"async\" width=\"1024\" height=\"990\" src=\"https:\/\/wp.lexdoka.com\/wp-content\/uploads\/2024\/06\/analysis-reporting--1024x990.png\" class=\"attachment-large size-large\" alt=\"\" loading=\"lazy\" srcset=\"https:\/\/wp.lexdoka.com\/wp-content\/uploads\/2024\/06\/analysis-reporting--1024x990.png 1024w, https:\/\/wp.lexdoka.com\/wp-content\/uploads\/2024\/06\/analysis-reporting--300x290.png 300w, https:\/\/wp.lexdoka.com\/wp-content\/uploads\/2024\/06\/analysis-reporting--450x435.png 450w, https:\/\/wp.lexdoka.com\/wp-content\/uploads\/2024\/06\/analysis-reporting--414x400.png 414w, https:\/\/wp.lexdoka.com\/wp-content\/uploads\/2024\/06\/analysis-reporting--78x75.png 78w, https:\/\/wp.lexdoka.com\/wp-content\/uploads\/2024\/06\/analysis-reporting--186x180.png 186w\" sizes=\"auto, (max-width: 1024px) 100vw, 1024px\" \/><\/div><\/div><\/div><\/div><div class=\"wpb_column vc_column_container\"><div class=\"vc_column-inner\"><h2 class=\"w-text us_custom_e4b71eb2 has_text_color\"><span class=\"w-text-h\"><span class=\"w-text-value\">Automated Reports with Interactive Visualizations<\/span><\/span><\/h2><div class=\"w-text us_custom_b8c7227a has_text_color\"><span class=\"w-text-h\"><span class=\"w-text-value\">Generate detailed and customized reports automatically, adapting to various user needs and specific criteria. Provide dynamic and easy-to-understand data visualizations through interactive charts and dashboards, facilitating the interpretation and analysis of information. This saves time and effort, and allows for a clearer and quicker understanding of the data.<\/span><\/span><\/div><div class=\"w-btn-wrapper default_align_left laptops_align_none tablets_align_none mobiles_align_center hide_on_tablets hide_on_mobiles\"><a class=\"w-btn us-btn-style_16 us_custom_5275e1e0\" href=\"https:\/\/lexdoka.com\/en\/prices\/\"><span class=\"w-btn-label\">Start now<\/span><\/a><\/div><\/div><\/div><\/div><\/div><\/section><section class=\"l-section wpb_row us_custom_00c37baf height_small\" id=\"feature-automation\"><div class=\"l-section-h i-cf\"><div class=\"g-cols vc_row via_grid cols_2 laptops-cols_inherit tablets-cols_inherit mobiles-cols_1 valign_top type_default stacking_default\"><div class=\"wpb_column vc_column_container\"><div class=\"vc_column-inner\"><h2 class=\"w-text us_custom_e4b71eb2 has_text_color\"><span class=\"w-text-h\"><span class=\"w-text-value\">Semantic Searches within the Legal Knowledge Base<\/span><\/span><\/h2><div class=\"w-text us_custom_b8c7227a has_text_color\"><span class=\"w-text-h\"><span class=\"w-text-value\">Realiza b\u00fasquedas en lenguaje natural sobre el contexto y prop\u00f3sito de tus documentos legales para encontrar r\u00e1pidamente la informaci\u00f3n relevante dentro de tu base de conocimientos legales y resuelve cualquier duda con Lexy, tu asistente legal.<\/span><\/span><\/div><div class=\"w-btn-wrapper default_align_left laptops_align_none tablets_align_none mobiles_align_center hide_on_tablets hide_on_mobiles\"><a class=\"w-btn us-btn-style_16 us_custom_5275e1e0\" href=\"https:\/\/app.lexdoka.com\/accounts\/signup\/\"><span class=\"w-btn-label\">Try for free<\/span><\/a><\/div><\/div><\/div><div class=\"wpb_column vc_column_container\"><div class=\"vc_column-inner\"><div class=\"w-image align_none\"><div class=\"w-image-h\"><img decoding=\"async\" width=\"1024\" height=\"990\" src=\"https:\/\/wp.lexdoka.com\/wp-content\/uploads\/2024\/07\/Semantic-Base-1024x990.png\" class=\"attachment-large size-large\" alt=\"\" loading=\"lazy\" srcset=\"https:\/\/wp.lexdoka.com\/wp-content\/uploads\/2024\/07\/Semantic-Base-1024x990.png 1024w, https:\/\/wp.lexdoka.com\/wp-content\/uploads\/2024\/07\/Semantic-Base-300x290.png 300w, https:\/\/wp.lexdoka.com\/wp-content\/uploads\/2024\/07\/Semantic-Base-450x435.png 450w, https:\/\/wp.lexdoka.com\/wp-content\/uploads\/2024\/07\/Semantic-Base-414x400.png 414w, https:\/\/wp.lexdoka.com\/wp-content\/uploads\/2024\/07\/Semantic-Base-78x75.png 78w, https:\/\/wp.lexdoka.com\/wp-content\/uploads\/2024\/07\/Semantic-Base-186x180.png 186w\" sizes=\"auto, (max-width: 1024px) 100vw, 1024px\" \/><\/div><\/div><\/div><\/div><\/div><\/div><\/section><section class=\"l-section wpb_row us_custom_68844635 height_large\"><div class=\"l-section-overlay\" style=\"background:var(--color-chrome-toolbar)\"><\/div><div class=\"l-section-h i-cf\"><div class=\"g-cols vc_row via_grid cols_1 laptops-cols_inherit tablets-cols_inherit mobiles-cols_1 valign_middle type_default stacking_default\" style=\"--columns-gap:2.9rem;\"><div class=\"wpb_column vc_column_container us_custom_0d6c612d has_text_color\"><div class=\"vc_column-inner\"><div class=\"wpb_text_column us_custom_fa3c48e0 has_text_color\"><div class=\"wpb_wrapper\"><h2 style=\"text-align: center;\">Your contracts should be a <strong>growth asset,<\/strong> not a bureaucracy challenge.<\/h2>\n<\/div><\/div><\/div><\/div><\/div><\/div><\/section><section class=\"l-section wpb_row us_custom_1d368e9e height_small\"><div class=\"l-section-h i-cf\"><div class=\"g-cols vc_row via_grid cols_1 laptops-cols_inherit tablets-cols_inherit mobiles-cols_1 valign_top type_default stacking_default\"><div class=\"wpb_column vc_column_container\"><div class=\"vc_column-inner\"><div class=\"w-separator size_medium\"><\/div><h3 class=\"w-text us_custom_21c812eb hide_on_mobiles\"><span class=\"w-text-h\"><span class=\"w-text-value\">More than 100 companies already<\/span><\/span><\/h3><h3 class=\"w-text us_custom_e42fa407 hide_on_mobiles\"><span class=\"w-text-h\"><span class=\"w-text-value\">trust us<\/span><\/span><\/h3><h3 class=\"w-text us_custom_72fbfac8 has_text_color hide_on_default hide_on_laptops hide_on_tablets\"><span class=\"w-text-h\"><span class=\"w-text-value\">More than 100 companies already trust us<\/span><\/span><\/h3><style data-type=\"vc_shortcodes-custom-css\">.vc_custom_1715001308896{margin-bottom:0px!important;padding-bottom:0px!important}<\/style><section class=\"l-section wpb_row height_medium\"><div class=\"l-section-h i-cf\"><div class=\"g-cols vc_row via_grid cols_1 laptops-cols_inherit tablets-cols_inherit mobiles-cols_1 valign_top type_default stacking_default\"><div class=\"wpb_column vc_column_container\"><div class=\"vc_column-inner\"><div id=\"ult-carousel-129992823669f1a2eecfdf5\" class=\"ult-carousel-wrapper  vc_custom_1715001308896  ult_horizontal\" data-gutter=\"20\" data-rtl=\"false\" ><div class=\"ult-carousel-373777690669f1a2eecfdcd \" ><div class=\"ult-item-wrap\" data-animation=\"animated no-animation\"><div class=\"w-image align_center\"><div class=\"w-image-h\"><img decoding=\"async\" width=\"270\" height=\"75\" src=\"https:\/\/wp.lexdoka.com\/wp-content\/uploads\/2025\/03\/crowe-logo-modified-270x75.jpeg\" class=\"attachment-us_600_75 size-us_600_75\" alt=\"\" loading=\"lazy\" srcset=\"https:\/\/wp.lexdoka.com\/wp-content\/uploads\/2025\/03\/crowe-logo-modified-270x75.jpeg 270w, https:\/\/wp.lexdoka.com\/wp-content\/uploads\/2025\/03\/crowe-logo-modified-300x83.jpeg 300w, https:\/\/wp.lexdoka.com\/wp-content\/uploads\/2025\/03\/crowe-logo-modified-1024x284.jpeg 1024w, https:\/\/wp.lexdoka.com\/wp-content\/uploads\/2025\/03\/crowe-logo-modified-450x125.jpeg 450w, https:\/\/wp.lexdoka.com\/wp-content\/uploads\/2025\/03\/crowe-logo-modified-600x167.jpeg 600w, https:\/\/wp.lexdoka.com\/wp-content\/uploads\/2025\/03\/crowe-logo-modified-366x102.jpeg 366w, https:\/\/wp.lexdoka.com\/wp-content\/uploads\/2025\/03\/crowe-logo-modified.jpeg 1081w\" sizes=\"auto, (max-width: 270px) 100vw, 270px\" \/><\/div><\/div><\/div><div class=\"ult-item-wrap\" data-animation=\"animated no-animation\"><div class=\"w-image align_center\"><div class=\"w-image-h\"><img decoding=\"async\" width=\"165\" height=\"75\" src=\"https:\/\/wp.lexdoka.com\/wp-content\/uploads\/2024\/04\/Captura-de-pantalla-2024-04-30-a-las-11.34.46.png\" class=\"attachment-us_600_75 size-us_600_75\" alt=\"\" loading=\"lazy\" srcset=\"https:\/\/wp.lexdoka.com\/wp-content\/uploads\/2024\/04\/Captura-de-pantalla-2024-04-30-a-las-11.34.46.png 562w, https:\/\/wp.lexdoka.com\/wp-content\/uploads\/2024\/04\/Captura-de-pantalla-2024-04-30-a-las-11.34.46-300x137.png 300w, https:\/\/wp.lexdoka.com\/wp-content\/uploads\/2024\/04\/Captura-de-pantalla-2024-04-30-a-las-11.34.46-450x205.png 450w\" sizes=\"auto, (max-width: 165px) 100vw, 165px\" \/><\/div><\/div><\/div><div class=\"ult-item-wrap\" data-animation=\"animated no-animation\"><div class=\"w-image align_center\"><div class=\"w-image-h\"><img decoding=\"async\" width=\"149\" height=\"75\" src=\"https:\/\/wp.lexdoka.com\/wp-content\/uploads\/2024\/04\/Atomica4-BN-1.png\" class=\"attachment-us_600_75 size-us_600_75\" alt=\"\" loading=\"lazy\" \/><\/div><\/div><\/div><div class=\"ult-item-wrap\" data-animation=\"animated no-animation\"><div class=\"w-image align_center\"><div class=\"w-image-h\"><img decoding=\"async\" width=\"234\" height=\"75\" src=\"https:\/\/wp.lexdoka.com\/wp-content\/uploads\/2025\/03\/uhyfavicon--234x75.png\" class=\"attachment-us_600_75 size-us_600_75\" alt=\"\" loading=\"lazy\" srcset=\"https:\/\/wp.lexdoka.com\/wp-content\/uploads\/2025\/03\/uhyfavicon--234x75.png 234w, https:\/\/wp.lexdoka.com\/wp-content\/uploads\/2025\/03\/uhyfavicon--300x96.png 300w, https:\/\/wp.lexdoka.com\/wp-content\/uploads\/2025\/03\/uhyfavicon--1024x329.png 1024w, https:\/\/wp.lexdoka.com\/wp-content\/uploads\/2025\/03\/uhyfavicon--450x144.png 450w, https:\/\/wp.lexdoka.com\/wp-content\/uploads\/2025\/03\/uhyfavicon--600x193.png 600w, https:\/\/wp.lexdoka.com\/wp-content\/uploads\/2025\/03\/uhyfavicon--366x117.png 366w, https:\/\/wp.lexdoka.com\/wp-content\/uploads\/2025\/03\/uhyfavicon-.png 1732w\" sizes=\"auto, (max-width: 234px) 100vw, 234px\" \/><\/div><\/div><\/div><div class=\"ult-item-wrap\" data-animation=\"animated no-animation\"><div class=\"w-image align_center\"><div class=\"w-image-h\"><img decoding=\"async\" width=\"199\" height=\"75\" src=\"https:\/\/wp.lexdoka.com\/wp-content\/uploads\/2024\/04\/bcombinator_20231123081822-1-1.png\" class=\"attachment-us_600_75 size-us_600_75\" alt=\"\" loading=\"lazy\" \/><\/div><\/div><\/div><div class=\"ult-item-wrap\" data-animation=\"animated no-animation\"><div class=\"w-image align_center\"><div class=\"w-image-h\"><img decoding=\"async\" width=\"160\" height=\"75\" src=\"https:\/\/wp.lexdoka.com\/wp-content\/uploads\/2024\/11\/aticco-logoo-160x75.png\" class=\"attachment-us_600_75 size-us_600_75\" alt=\"\" loading=\"lazy\" srcset=\"https:\/\/wp.lexdoka.com\/wp-content\/uploads\/2024\/11\/aticco-logoo-160x75.png 160w, https:\/\/wp.lexdoka.com\/wp-content\/uploads\/2024\/11\/aticco-logoo-300x141.png 300w, https:\/\/wp.lexdoka.com\/wp-content\/uploads\/2024\/11\/aticco-logoo.png 328w\" sizes=\"auto, (max-width: 160px) 100vw, 160px\" \/><\/div><\/div><\/div><div class=\"ult-item-wrap\" data-animation=\"animated no-animation\"><div class=\"w-image align_center\"><div class=\"w-image-h\"><img decoding=\"async\" width=\"197\" height=\"75\" src=\"https:\/\/wp.lexdoka.com\/wp-content\/uploads\/2024\/04\/Captura-de-pantalla-2024-04-30-a-las-16.05.20.png\" class=\"attachment-us_600_75 size-us_600_75\" alt=\"\" loading=\"lazy\" srcset=\"https:\/\/wp.lexdoka.com\/wp-content\/uploads\/2024\/04\/Captura-de-pantalla-2024-04-30-a-las-16.05.20.png 336w, https:\/\/wp.lexdoka.com\/wp-content\/uploads\/2024\/04\/Captura-de-pantalla-2024-04-30-a-las-16.05.20-300x114.png 300w\" sizes=\"auto, (max-width: 197px) 100vw, 197px\" \/><\/div><\/div><\/div><div class=\"ult-item-wrap\" data-animation=\"animated no-animation\"><div class=\"w-image align_center\"><div class=\"w-image-h\"><img decoding=\"async\" width=\"404\" height=\"75\" src=\"https:\/\/wp.lexdoka.com\/wp-content\/uploads\/2024\/04\/logosocietalissm-1-2.png\" class=\"attachment-us_600_75 size-us_600_75\" alt=\"\" loading=\"lazy\" \/><\/div><\/div><\/div><div class=\"ult-item-wrap\" data-animation=\"animated no-animation\"><div class=\"w-image align_center\"><div class=\"w-image-h\"><img decoding=\"async\" width=\"133\" height=\"75\" src=\"https:\/\/wp.lexdoka.com\/wp-content\/uploads\/2025\/03\/Logo-Mainder-133x75.png\" class=\"attachment-us_600_75 size-us_600_75\" alt=\"\" loading=\"lazy\" srcset=\"https:\/\/wp.lexdoka.com\/wp-content\/uploads\/2025\/03\/Logo-Mainder-133x75.png 133w, https:\/\/wp.lexdoka.com\/wp-content\/uploads\/2025\/03\/Logo-Mainder-300x169.png 300w, https:\/\/wp.lexdoka.com\/wp-content\/uploads\/2025\/03\/Logo-Mainder-1024x576.png 1024w, https:\/\/wp.lexdoka.com\/wp-content\/uploads\/2025\/03\/Logo-Mainder-450x253.png 450w, https:\/\/wp.lexdoka.com\/wp-content\/uploads\/2025\/03\/Logo-Mainder-600x338.png 600w, https:\/\/wp.lexdoka.com\/wp-content\/uploads\/2025\/03\/Logo-Mainder-320x180.png 320w, https:\/\/wp.lexdoka.com\/wp-content\/uploads\/2025\/03\/Logo-Mainder.png 1920w\" sizes=\"auto, (max-width: 133px) 100vw, 133px\" \/><\/div><\/div><\/div><div class=\"ult-item-wrap\" data-animation=\"animated no-animation\"><div class=\"w-image align_center\"><div class=\"w-image-h\"><img decoding=\"async\" width=\"198\" height=\"75\" src=\"https:\/\/wp.lexdoka.com\/wp-content\/uploads\/2024\/04\/Captura-de-pantalla-2024-04-30-a-las-11.36.39.png\" class=\"attachment-us_600_75 size-us_600_75\" alt=\"\" loading=\"lazy\" srcset=\"https:\/\/wp.lexdoka.com\/wp-content\/uploads\/2024\/04\/Captura-de-pantalla-2024-04-30-a-las-11.36.39.png 422w, https:\/\/wp.lexdoka.com\/wp-content\/uploads\/2024\/04\/Captura-de-pantalla-2024-04-30-a-las-11.36.39-300x114.png 300w\" sizes=\"auto, (max-width: 198px) 100vw, 198px\" \/><\/div><\/div><\/div><\/div><\/div>\t\t\t<script type=\"text\/javascript\">\n\t\t\t\tjQuery(document).ready(function ($) {\n\t\t\t\t\tif( typeof jQuery('.ult-carousel-373777690669f1a2eecfdcd').slick == \"function\"){\n\t\t\t\t\t\t$('.ult-carousel-373777690669f1a2eecfdcd').slick({dots: false,autoplay: true,autoplaySpeed: \"2500\",speed: \"300\",infinite: true,arrows: false,slidesToScroll:4,slidesToShow:4,swipe: true,draggable: true,touchMove: true,pauseOnHover: false,pauseOnFocus: false,centerMode: true,responsive: [\n\t\t\t\t\t\t\t{\n\t\t\t\t\t\t\t  breakpoint: 1026,\n\t\t\t\t\t\t\t  settings: {\n\t\t\t\t\t\t\t\tslidesToShow: 4,\n\t\t\t\t\t\t\t\tslidesToScroll: 4,  \n\t\t\t\t\t\t\t  }\n\t\t\t\t\t\t\t},\n\t\t\t\t\t\t\t{\n\t\t\t\t\t\t\t  breakpoint: 1025,\n\t\t\t\t\t\t\t  settings: {\n\t\t\t\t\t\t\t\tslidesToShow: 3,\n\t\t\t\t\t\t\t\tslidesToScroll: 3\n\t\t\t\t\t\t\t  }\n\t\t\t\t\t\t\t},\n\t\t\t\t\t\t\t{\n\t\t\t\t\t\t\t  breakpoint: 760,\n\t\t\t\t\t\t\t  settings: {\n\t\t\t\t\t\t\t\tslidesToShow: 1,\n\t\t\t\t\t\t\t\tslidesToScroll: 1\n\t\t\t\t\t\t\t  }\n\t\t\t\t\t\t\t}\n\t\t\t\t\t\t],pauseOnDotsHover: true,customPaging: function(slider, i) {\n                   return '<i type=\"button\" style= \"color:#333333;\" class=\"ultsl-record\" data-role=\"none\"><\/i>';\n                },});\n\t\t\t\t\t}\n\t\t\t\t});\n\t\t\t<\/script>\n\t\t\t<\/div><\/div><\/div><\/div><\/section>\n<div class=\"w-iconbox us_custom_8713653a has_text_color iconpos_right style_default color_primary align_center no_text\"><div class=\"w-iconbox-meta\"><h6 class=\"w-iconbox-title\" style=\"font-size:max( 1rem, 1.5vw );\"><a href=\"https:\/\/lexdoka.com\/en\/industry-main-listing\/\" class=\"w-iconbox-link\" aria-label=\"See industries\">See industries<\/a><\/h6><\/div><a href=\"https:\/\/lexdoka.com\/en\/industry-main-listing\/\" class=\"w-iconbox-link\" aria-label=\"See industries\"><div class=\"w-iconbox-icon\" style=\"font-size:1.2rem;\"><i class=\"fas fa-chevron-right\"><\/i><\/div><\/a><\/div><\/div><\/div><\/div><\/div><\/section><section class=\"l-section wpb_row us_custom_38ec8cf5 height_medium\" id=\"cta-demo\"><div class=\"l-section-h i-cf\"><div class=\"g-cols vc_row via_grid cols_1 laptops-cols_inherit tablets-cols_inherit mobiles-cols_1 valign_top type_default stacking_default\"><div class=\"wpb_column vc_column_container us_custom_2e586680\"><div class=\"vc_column-overlay\" style=\"background:var(--color-content-primary)\"><\/div><div class=\"vc_column-inner\"><h3 class=\"w-text us_custom_c49a74e8 has_text_color\"><span class=\"w-text-h\"><span class=\"w-text-value\">Save time, manage your contracts with LexDoka<\/span><\/span><\/h3><div class=\"w-text us_custom_03e5b43b has_text_color\"><span class=\"w-text-h\"><span class=\"w-text-value\">Request a customized demo and get a complete vision of how we will streamline your contractual process.<\/span><\/span><\/div><div class=\"g-cols wpb_row us_custom_0f8f44b7 via_grid cols_2 laptops-cols_inherit tablets-cols_inherit mobiles-cols_1 valign_middle type_default stacking_default\" style=\"--columns-gap:1rem;\"><div class=\"wpb_column vc_column_container us_custom_353f2abd\"><div class=\"vc_column-inner\"><div class=\"w-btn-wrapper default_align_right laptops_align_right tablets_align_right mobiles_align_center\"><a class=\"w-btn us-btn-style_20 us_custom_b3ac71c0\" href=\"https:\/\/lexdoka.com\/agendar-una-demo\/\"><span class=\"w-btn-label\">Book a demo<\/span><\/a><\/div><\/div><\/div><div class=\"wpb_column vc_column_container\"><div class=\"vc_column-inner\"><div class=\"w-btn-wrapper default_align_left laptops_align_left tablets_align_left mobiles_align_center\"><a class=\"w-btn us-btn-style_17 us_custom_b3ac71c0\" href=\"https:\/\/lexdoka.com\/contacto\/\"><span class=\"w-btn-label\">Contact us<\/span><\/a><\/div><\/div><\/div><\/div><\/div><\/div><\/div><\/div><\/section>\n\n","protected":false},"excerpt":{"rendered":"Reports and metrics in real time business With LexDoka&#039;s Reporting, you will gain a comprehensive view of contract operation performance, team performance, and process efficiency visualization, crucial for informed decision-making.Book a demoOptimize and streamline yourcontractual managementOptimize and speed up your contract management.Gain complete visibility and control of your contractsOptimize the analysis of your legal documents...","protected":false},"author":10,"featured_media":0,"parent":0,"menu_order":0,"comment_status":"closed","ping_status":"closed","template":"","meta":{"_acf_changed":false,"content-type":"","footnotes":""},"class_list":["post-8201","page","type-page","status-publish","hentry"],"acf":[],"_links":{"self":[{"href":"https:\/\/wp.lexdoka.com\/en\/wp-json\/wp\/v2\/pages\/8201","targetHints":{"allow":["GET"]}}],"collection":[{"href":"https:\/\/wp.lexdoka.com\/en\/wp-json\/wp\/v2\/pages"}],"about":[{"href":"https:\/\/wp.lexdoka.com\/en\/wp-json\/wp\/v2\/types\/page"}],"author":[{"embeddable":true,"href":"https:\/\/wp.lexdoka.com\/en\/wp-json\/wp\/v2\/users\/10"}],"replies":[{"embeddable":true,"href":"https:\/\/wp.lexdoka.com\/en\/wp-json\/wp\/v2\/comments?post=8201"}],"version-history":[{"count":28,"href":"https:\/\/wp.lexdoka.com\/en\/wp-json\/wp\/v2\/pages\/8201\/revisions"}],"predecessor-version":[{"id":8784,"href":"https:\/\/wp.lexdoka.com\/en\/wp-json\/wp\/v2\/pages\/8201\/revisions\/8784"}],"wp:attachment":[{"href":"https:\/\/wp.lexdoka.com\/en\/wp-json\/wp\/v2\/media?parent=8201"}],"curies":[{"name":"wp","href":"https:\/\/api.w.org\/{rel}","templated":true}]}}